{"id":2,"date":"2006-11-18T15:43:18","date_gmt":"2006-11-18T14:43:18","guid":{"rendered":""},"modified":"2010-01-03T14:52:00","modified_gmt":"2010-01-03T13:52:00","slug":"about","status":"publish","type":"page","link":"https:\/\/www.webbsidor.com\/?page_id=2","title":{"rendered":"Om"},"content":{"rendered":"<p>Jag heter Henrik Arnstad och \u00e4r f\u00f6dd 1967.<\/p>\n<p>Sedan slutet av 1980-talet arbetar jag som journalist, p\u00e5 senare \u00e5r p\u00e5 frilansbasis. I mitten av 1990-talet fick jag frispel p\u00e5 mitt jobb och studerade historia p\u00e5 Stockholms universitet.<\/p>\n<p>Jag bor p\u00e5 S\u00f6dermalm i Stockholm tillsammans med sonen <strong>Movitz<\/strong> Nils David (f\u00f6dd 2003) och dotter <strong>Lo<\/strong> Aleksandra Gullevi (f\u00f6dd 2006).<\/p>\n<p>Mina intressen:<\/p>\n<ul>\n<li>Segling (\u00e4ger en TUR84, <a href=\"http:\/\/tur84.se\/pelikan85.html\" target=\"_blank\">s\/y Pelikanen<\/a>)<\/li>\n<li>Dataspel (skriver i tidningen Super Play)<\/li>\n<li>Musik (spelar tenorbanjo)<\/li>\n<li>Historia (har gett ut boken <a href=\"http:\/\/www.christiangunther.se\" target=\"_blank\">Spelaren Christian G\u00fcnther<\/a>)<\/li>\n<li>Politik (s\u00e4rskilt utrikespolitik)<\/li>\n<\/ul>\n<p>Jag \u00e4r dessutom mycket f\u00f6rtjust i prylar, s\u00e4rkilt de som g\u00f6rs av Apple.<\/p>\n","protected":false},"excerpt":{"rendered":"<p>Jag heter Henrik Arnstad och \u00e4r f\u00f6dd 1967. Sedan slutet av 1980-talet arbetar jag som journalist, p\u00e5 senare \u00e5r p\u00e5 frilansbasis. I mitten av 1990-talet fick jag frispel p\u00e5 mitt jobb och studerade historia p\u00e5 Stockholms universitet. Jag bor p\u00e5 S\u00f6dermalm i Stockholm tillsammans med sonen Movitz Nils David (f\u00f6dd &hellip;<\/p>\n","protected":false},"author":1,"featured_media":0,"parent":0,"menu_order":0,"comment_status":"closed","ping_status":"open","template":"","meta":{"jetpack_post_was_ever_published":false,"footnotes":""},"class_list":["post-2","page","type-page","status-publish","hentry"],"jetpack_shortlink":"https:\/\/wp.me\/P4gkqa-2","jetpack_sharing_enabled":true,"_links":{"self":[{"href":"https:\/\/www.webbsidor.com\/index.php?rest_route=\/wp\/v2\/pages\/2","targetHints":{"allow":["GET"]}}],"collection":[{"href":"https:\/\/www.webbsidor.com\/index.php?rest_route=\/wp\/v2\/pages"}],"about":[{"href":"https:\/\/www.webbsidor.com\/index.php?rest_route=\/wp\/v2\/types\/page"}],"author":[{"embeddable":true,"href":"https:\/\/www.webbsidor.com\/index.php?rest_route=\/wp\/v2\/users\/1"}],"replies":[{"embeddable":true,"href":"https:\/\/www.webbsidor.com\/index.php?rest_route=%2Fwp%2Fv2%2Fcomments&post=2"}],"version-history":[{"count":0,"href":"https:\/\/www.webbsidor.com\/index.php?rest_route=\/wp\/v2\/pages\/2\/revisions"}],"wp:attachment":[{"href":"https:\/\/www.webbsidor.com\/index.php?rest_route=%2Fwp%2Fv2%2Fmedia&parent=2"}],"curies":[{"name":"wp","href":"https:\/\/api.w.org\/{rel}","templated":true}]}}